{"id":1372,"date":"2022-07-07T09:10:51","date_gmt":"2022-07-07T09:10:51","guid":{"rendered":"https:\/\/kartvizitsayfa.com\/odeme\/"},"modified":"2022-07-07T09:10:51","modified_gmt":"2022-07-07T09:10:51","slug":"odeme","status":"publish","type":"page","link":"https:\/\/kartvizitsayfa.com\/en\/odeme\/","title":{"rendered":"\u00d6deme"},"content":{"rendered":"<p>[woocommerce_checkout]<\/p>","protected":false},"excerpt":{"rendered":"","protected":false},"author":1,"featured_media":0,"parent":0,"menu_order":0,"comment_status":"closed","ping_status":"closed","template":"","meta":{"neve_meta_sidebar":"","neve_meta_container":"","neve_meta_enable_content_width":"","neve_meta_content_width":0,"neve_meta_title_alignment":"","neve_meta_author_avatar":"","neve_post_elements_order":"","neve_meta_disable_header":"","neve_meta_disable_footer":"","neve_meta_disable_title":"","neve_meta_reading_time":"","_ti_tpc_template_sync":false,"_ti_tpc_template_id":"","footnotes":""},"class_list":["post-1372","page","type-page","status-publish","hentry"],"yoast_head":"<!-- This site is optimized with the Yoast SEO Premium plugin v21.7 (Yoast SEO v21.7) - https:\/\/yoast.com\/wordpress\/plugins\/seo\/ -->\n<title>\u00d6deme - Ucuz Web Tasar\u0131m<\/title>\n<meta name=\"robots\" content=\"index, follow, max-snippet:-1, max-image-preview:large, max-video-preview:-1\" \/>\n<link rel=\"canonical\" href=\"https:\/\/kartvizitsayfa.com\/en\/odeme\/\" \/>\n<meta property=\"og:locale\" content=\"en_US\" \/>\n<meta property=\"og:type\" content=\"article\" \/>\n<meta property=\"og:title\" content=\"\u00d6deme\" \/>\n<meta property=\"og:url\" content=\"https:\/\/kartvizitsayfa.com\/en\/odeme\/\" \/>\n<meta property=\"og:site_name\" content=\"Ucuz Web Tasar\u0131m\" \/>\n<meta name=\"twitter:card\" content=\"summary_large_image\" \/>\n<script type=\"application\/ld+json\" class=\"yoast-schema-graph\">{\"@context\":\"https:\/\/schema.org\",\"@graph\":[{\"@type\":\"WebPage\",\"@id\":\"https:\/\/kartvizitsayfa.com\/odeme\/\",\"url\":\"https:\/\/kartvizitsayfa.com\/odeme\/\",\"name\":\"\u00d6deme - Ucuz Web Tasar\u0131m\",\"isPartOf\":{\"@id\":\"https:\/\/kartvizitsayfa.com\/#website\"},\"datePublished\":\"2022-07-07T09:10:51+00:00\",\"dateModified\":\"2022-07-07T09:10:51+00:00\",\"breadcrumb\":{\"@id\":\"https:\/\/kartvizitsayfa.com\/odeme\/#breadcrumb\"},\"inLanguage\":\"en-US\",\"potentialAction\":[{\"@type\":\"ReadAction\",\"target\":[\"https:\/\/kartvizitsayfa.com\/odeme\/\"]}]},{\"@type\":\"BreadcrumbList\",\"@id\":\"https:\/\/kartvizitsayfa.com\/odeme\/#breadcrumb\",\"itemListElement\":[{\"@type\":\"ListItem\",\"position\":1,\"name\":\"Anasayfa\",\"item\":\"https:\/\/kartvizitsayfa.com\/\"},{\"@type\":\"ListItem\",\"position\":2,\"name\":\"\u00d6deme\"}]},{\"@type\":\"WebSite\",\"@id\":\"https:\/\/kartvizitsayfa.com\/#website\",\"url\":\"https:\/\/kartvizitsayfa.com\/\",\"name\":\"Ucuz Web Tasar\u0131m\",\"description\":\"&Ccedil;\u0131lg\u0131n Fiyatlara S&uuml;per Web Siteleri - Kartvizit Sayfa Web Tasar\u0131m\",\"publisher\":{\"@id\":\"https:\/\/kartvizitsayfa.com\/#organization\"},\"potentialAction\":[{\"@type\":\"SearchAction\",\"target\":{\"@type\":\"EntryPoint\",\"urlTemplate\":\"https:\/\/kartvizitsayfa.com\/?s={search_term_string}\"},\"query-input\":\"required name=search_term_string\"}],\"inLanguage\":\"en-US\"},{\"@type\":\"Organization\",\"@id\":\"https:\/\/kartvizitsayfa.com\/#organization\",\"name\":\"KartvizitSayfa Web Interactive\",\"url\":\"https:\/\/kartvizitsayfa.com\/\",\"logo\":{\"@type\":\"ImageObject\",\"inLanguage\":\"en-US\",\"@id\":\"https:\/\/kartvizitsayfa.com\/#\/schema\/logo\/image\/\",\"url\":\"https:\/\/kartvizitsayfa.com\/wp-content\/uploads\/2021\/06\/logo.png\",\"contentUrl\":\"https:\/\/kartvizitsayfa.com\/wp-content\/uploads\/2021\/06\/logo.png\",\"width\":500,\"height\":104,\"caption\":\"KartvizitSayfa Web Interactive\"},\"image\":{\"@id\":\"https:\/\/kartvizitsayfa.com\/#\/schema\/logo\/image\/\"}}]}<\/script>\n<!-- \/ Yoast SEO Premium plugin. -->","yoast_head_json":{"title":"\u00d6deme - Ucuz Web Tasar\u0131m","robots":{"index":"index","follow":"follow","max-snippet":"max-snippet:-1","max-image-preview":"max-image-preview:large","max-video-preview":"max-video-preview:-1"},"canonical":"https:\/\/kartvizitsayfa.com\/en\/odeme\/","og_locale":"en_US","og_type":"article","og_title":"\u00d6deme","og_url":"https:\/\/kartvizitsayfa.com\/en\/odeme\/","og_site_name":"Ucuz Web Tasar\u0131m","twitter_card":"summary_large_image","schema":{"@context":"https:\/\/schema.org","@graph":[{"@type":"WebPage","@id":"https:\/\/kartvizitsayfa.com\/odeme\/","url":"https:\/\/kartvizitsayfa.com\/odeme\/","name":"\u00d6deme - Ucuz Web Tasar\u0131m","isPartOf":{"@id":"https:\/\/kartvizitsayfa.com\/#website"},"datePublished":"2022-07-07T09:10:51+00:00","dateModified":"2022-07-07T09:10:51+00:00","breadcrumb":{"@id":"https:\/\/kartvizitsayfa.com\/odeme\/#breadcrumb"},"inLanguage":"en-US","potentialAction":[{"@type":"ReadAction","target":["https:\/\/kartvizitsayfa.com\/odeme\/"]}]},{"@type":"BreadcrumbList","@id":"https:\/\/kartvizitsayfa.com\/odeme\/#breadcrumb","itemListElement":[{"@type":"ListItem","position":1,"name":"Anasayfa","item":"https:\/\/kartvizitsayfa.com\/"},{"@type":"ListItem","position":2,"name":"\u00d6deme"}]},{"@type":"WebSite","@id":"https:\/\/kartvizitsayfa.com\/#website","url":"https:\/\/kartvizitsayfa.com\/","name":"Ucuz Web Tasar\u0131m","description":"&Ccedil;\u0131lg\u0131n Fiyatlara S&uuml;per Web Siteleri - Kartvizit Sayfa Web Tasar\u0131m","publisher":{"@id":"https:\/\/kartvizitsayfa.com\/#organization"},"potentialAction":[{"@type":"SearchAction","target":{"@type":"EntryPoint","urlTemplate":"https:\/\/kartvizitsayfa.com\/?s={search_term_string}"},"query-input":"required name=search_term_string"}],"inLanguage":"en-US"},{"@type":"Organization","@id":"https:\/\/kartvizitsayfa.com\/#organization","name":"KartvizitSayfa Web Interactive","url":"https:\/\/kartvizitsayfa.com\/","logo":{"@type":"ImageObject","inLanguage":"en-US","@id":"https:\/\/kartvizitsayfa.com\/#\/schema\/logo\/image\/","url":"https:\/\/kartvizitsayfa.com\/wp-content\/uploads\/2021\/06\/logo.png","contentUrl":"https:\/\/kartvizitsayfa.com\/wp-content\/uploads\/2021\/06\/logo.png","width":500,"height":104,"caption":"KartvizitSayfa Web Interactive"},"image":{"@id":"https:\/\/kartvizitsayfa.com\/#\/schema\/logo\/image\/"}}]}},"_links":{"self":[{"href":"https:\/\/kartvizitsayfa.com\/en\/wp-json\/wp\/v2\/pages\/1372","targetHints":{"allow":["GET"]}}],"collection":[{"href":"https:\/\/kartvizitsayfa.com\/en\/wp-json\/wp\/v2\/pages"}],"about":[{"href":"https:\/\/kartvizitsayfa.com\/en\/wp-json\/wp\/v2\/types\/page"}],"author":[{"embeddable":true,"href":"https:\/\/kartvizitsayfa.com\/en\/wp-json\/wp\/v2\/users\/1"}],"replies":[{"embeddable":true,"href":"https:\/\/kartvizitsayfa.com\/en\/wp-json\/wp\/v2\/comments?post=1372"}],"version-history":[{"count":0,"href":"https:\/\/kartvizitsayfa.com\/en\/wp-json\/wp\/v2\/pages\/1372\/revisions"}],"wp:attachment":[{"href":"https:\/\/kartvizitsayfa.com\/en\/wp-json\/wp\/v2\/media?parent=1372"}],"curies":[{"name":"wp","href":"https:\/\/api.w.org\/{rel}","templated":true}]}}